{"id":83,"date":"2016-06-03T11:00:38","date_gmt":"2016-06-03T11:00:38","guid":{"rendered":"http:\/\/localhost\/rakusa-wp\/en\/kontakt\/"},"modified":"2019-07-23T07:09:36","modified_gmt":"2019-07-23T07:09:36","slug":"contact","status":"publish","type":"page","link":"https:\/\/rakusa.hr\/en\/contact\/","title":{"rendered":"Contact"},"content":{"rendered":"<p><b>Attorney at law Kristina Raku\u0161a<\/b><br \/>\nZagreb, Dra\u0161kovi\u0107eva Street 72<\/p>\n<p>PIN: 07768738744<br \/>\nRegistrar number: 80364187<br \/>\nList of the Attorneys at law of the Croatian Bar Association<\/p>\n<p>Bank account: IBAN: HR5524020061140261392<br \/>\nErste&amp;Steierm\u00e4rkische Bank d.d.<\/p>\n<hr style=\"width: 100px; margin: 15px 0 10px 0;\" \/>\n<p><b>T:<\/b> <a href=\"tel:+38515613513\">+385 1 5613 513<\/a><br \/>\n<b>F:<\/b> <a href=\"tel:+38516044433\">+385 1 6044 433<\/a><br \/>\n<b>E:<\/b> <a href=\"mailto:kristina@rakusa.hr\">kristina@rakusa.hr<\/a><\/p>\n","protected":false},"excerpt":{"rendered":"Attorney at law Kristina Raku\u0161a Zagreb, Dra\u0161kovi\u0107eva Street 72 PIN: 07768738744 Registrar number: 80364187 List of the Attorneys at law of the Croatian Bar Association Bank account: IBAN: HR5524020061140261392 Erste&amp;Steierm\u00e4rkische Bank d.d. T: +385 1 5613 513 F: +385 1 6044 433 E: kristina@rakusa.hr","protected":false},"author":1,"featured_media":0,"parent":0,"menu_order":0,"comment_status":"closed","ping_status":"closed","template":"page-kontakt.php","meta":[],"_links":{"self":[{"href":"https:\/\/rakusa.hr\/en\/wp-json\/wp\/v2\/pages\/83"}],"collection":[{"href":"https:\/\/rakusa.hr\/en\/wp-json\/wp\/v2\/pages"}],"about":[{"href":"https:\/\/rakusa.hr\/en\/wp-json\/wp\/v2\/types\/page"}],"author":[{"embeddable":true,"href":"https:\/\/rakusa.hr\/en\/wp-json\/wp\/v2\/users\/1"}],"replies":[{"embeddable":true,"href":"https:\/\/rakusa.hr\/en\/wp-json\/wp\/v2\/comments?post=83"}],"version-history":[{"count":15,"href":"https:\/\/rakusa.hr\/en\/wp-json\/wp\/v2\/pages\/83\/revisions"}],"predecessor-version":[{"id":174,"href":"https:\/\/rakusa.hr\/en\/wp-json\/wp\/v2\/pages\/83\/revisions\/174"}],"wp:attachment":[{"href":"https:\/\/rakusa.hr\/en\/wp-json\/wp\/v2\/media?parent=83"}],"curies":[{"name":"wp","href":"https:\/\/api.w.org\/{rel}","templated":true}]}}